{"id":66,"date":"2024-04-20T08:28:02","date_gmt":"2024-04-20T08:28:02","guid":{"rendered":"https:\/\/casapastrin.ch\/cp\/?page_id=66"},"modified":"2024-05-21T18:40:05","modified_gmt":"2024-05-21T18:40:05","slug":"flims-und-umgebung","status":"publish","type":"page","link":"https:\/\/casapastrin.ch\/?page_id=66","title":{"rendered":"Flims und Umgebung"},"content":{"rendered":"\n<p>Die ber\u00fchmte Ferienregion Flims \/ Laax \/ Falera auf 1&#8217;050 &#8211; 3&#8217;018 hm ist bekannt als Sommerferienort und Wintersportort. Flims liegt auf einer Bergterrasse circa 20 km westlich von Chur.<\/p>\n\n\n\n<p>Viele Dienstleistungen sind in Fussdistanz oder mit  \u00f6ffentlichem Verkehrsmittel erreichbar, so dass das Auto getrost in der Garage belassen werden kann. Die Postautohaltestelle, sowie der Ortsbus befinden sich in unmittelbarer N\u00e4he zur Liegenschaft. Diverse Gesch\u00e4fte, B\u00e4cker, Metzger und Restaurant sind in Fussdistanz erreichbar. Zudem hat es ein Hallenbad, Fitnesszentrum, Sauna, Solarium und Sie erhalten diverse Verg\u00fcnstigungen mit der G\u00e4stekarte.<\/p>\n\n\n\n<p>Flims\/Laax hat ein attraktives Kulturprogramm und bietet zudem kulinarische Abwechslung auf auf hohem Niveau.<\/p>\n\n\n\n<p>Anreise mit dem Auto: Autobahn A13 Chur &#8211; San Bernardino, Ausfahrt 18 &#8222;Reichenau&#8220;. 15km Bergstrasse ab Autobahn. 4&#215;4 im Winter empfohlen. <\/p>\n\n\n\n<p><\/p>\n\n\n\n<p><strong>Sommer<\/strong><\/p>\n\n\n\n<p>Flims besticht im Sommer mit den Aush\u00e4ngeschildern, UNESCO Weltnaturerbe Tektonikarena Sardona, dem &#8222;Swiss-Grand-Canyon &#8211; der Rheinschlucht- , und dem Caumasee, der mitten im Wald zauberhaft t\u00fcrkis schimmert.<\/p>\n\n\n\n<p>Was gibt es zu tun im Sommer: Badesee, Freibad, Kanu, River Rafting, Tennis, Squash, Golfplatz, Minigolf, Kinderspielplatz, Reiten, Fitnessparcours, Paragliding, Kletterpark, Hochseilgarten, Bergwandern oder Bergtouren, sowie Klettern. Es stehen zur Verf\u00fcgung: 1 Bergbahn, 2 Luftseilbahnen, 3 Sessellifte, 250 km Wanderwege, 230 km Mountainbike-Routen. <\/p>\n\n\n\n<p><strong>Winter<\/strong><\/p>\n\n\n\n<p>Die verschneite Bergwelt und das weissglitzernde Tal ziehen jeden Winter Besucher und Einheimische in ihren Bann und bieten ein einmaliges Wintergef\u00fchl.<\/p>\n\n\n\n<p>Das Skigebiet Weisse Arena Flims\/Laax bietet 4 Luftseilbahnen, 7 Gondelbahnen, 7 Sessellifte, 10 Skilifte, 58 Skipisten in einer L\u00e4nge von Total 224 km, 4 Snow-Parks, Half-Pipe, Skischule, Snowboardschule, Kinderskischule, Langlaufloipen total 62 km doppelt gespurt,  Winterwanderwege 60 km. 2 Schlittelbahnen (L\u00e4nge 6 km) 3 Schneewunderl\u00e4nder, Eishalle, Curling, Tennishalle und einen Skibus\/Ortsbus (gratis).<\/p>\n","protected":false},"excerpt":{"rendered":"<p>Die ber\u00fchmte Ferienregion Flims \/ Laax \/ Falera auf 1&#8217;050 &#8211; 3&#8217;018 hm ist bekannt als Sommerferienort und Wintersportort. Flims liegt auf einer Bergterrasse circa 20 km westlich von Chur. Viele Dienstleistungen sind in Fussdistanz oder mit \u00f6ffentlichem Verkehrsmittel erreichbar, so dass das Auto getrost in der Garage belassen werden kann. Die Postautohaltestelle, sowie der Ortsbus befinden sich in unmittelbarer N\u00e4he zur Liegenschaft. Diverse Gesch\u00e4fte, B\u00e4cker, Metzger und Restaurant sind in Fussdistanz erreichbar. Zudem hat es ein Hallenbad, Fitnesszentrum, Sauna, Solarium und Sie erhalten diverse Verg\u00fcnstigungen mit der G\u00e4stekarte. Flims\/Laax hat ein attraktives Kulturprogramm und bietet zudem kulinarische Abwechslung auf&#8230; <\/p>\n","protected":false},"author":1,"featured_media":168,"parent":0,"menu_order":0,"comment_status":"closed","ping_status":"closed","template":"template-no-sidebar.php","meta":{"footnotes":""},"class_list":["post-66","page","type-page","status-publish","has-post-thumbnail","hentry"],"yoast_head":"<!-- This site is optimized with the Yoast SEO plugin v26.9 - https:\/\/yoast.com\/product\/yoast-seo-wordpress\/ -->\n<title>Flims und Umgebung - Casa Pastrin<\/title>\n<meta name=\"robots\" content=\"index, follow, max-snippet:-1, max-image-preview:large, max-video-preview:-1\" \/>\n<link rel=\"canonical\" href=\"https:\/\/casapastrin.ch\/?page_id=66\" \/>\n<meta property=\"og:locale\" content=\"de_DE\" \/>\n<meta property=\"og:type\" content=\"article\" \/>\n<meta property=\"og:title\" content=\"Flims und Umgebung - Casa Pastrin\" \/>\n<meta property=\"og:description\" content=\"Die ber\u00fchmte Ferienregion Flims \/ Laax \/ Falera auf 1&#8217;050 &#8211; 3&#8217;018 hm ist bekannt als Sommerferienort und Wintersportort. Flims liegt auf einer Bergterrasse circa 20 km westlich von Chur. Viele Dienstleistungen sind in Fussdistanz oder mit \u00f6ffentlichem Verkehrsmittel erreichbar, so dass das Auto getrost in der Garage belassen werden kann. Die Postautohaltestelle, sowie der Ortsbus befinden sich in unmittelbarer N\u00e4he zur Liegenschaft. Diverse Gesch\u00e4fte, B\u00e4cker, Metzger und Restaurant sind in Fussdistanz erreichbar. Zudem hat es ein Hallenbad, Fitnesszentrum, Sauna, Solarium und Sie erhalten diverse Verg\u00fcnstigungen mit der G\u00e4stekarte. Flims\/Laax hat ein attraktives Kulturprogramm und bietet zudem kulinarische Abwechslung auf...\" \/>\n<meta property=\"og:url\" content=\"https:\/\/casapastrin.ch\/?page_id=66\" \/>\n<meta property=\"og:site_name\" content=\"Casa Pastrin\" \/>\n<meta property=\"article:modified_time\" content=\"2024-05-21T18:40:05+00:00\" \/>\n<meta property=\"og:image\" content=\"https:\/\/casapastrin.ch\/wp-content\/uploads\/2024\/04\/caumasee-e1713709284474.webp\" \/>\n\t<meta property=\"og:image:width\" content=\"1600\" \/>\n\t<meta property=\"og:image:height\" content=\"498\" \/>\n\t<meta property=\"og:image:type\" content=\"image\/webp\" \/>\n<meta name=\"twitter:card\" content=\"summary_large_image\" \/>\n<meta name=\"twitter:label1\" content=\"Gesch\u00e4tzte Lesezeit\" \/>\n\t<meta name=\"twitter:data1\" content=\"2\u00a0Minuten\" \/>\n<script type=\"application\/ld+json\" class=\"yoast-schema-graph\">{\"@context\":\"https:\/\/schema.org\",\"@graph\":[{\"@type\":\"WebPage\",\"@id\":\"https:\/\/casapastrin.ch\/?page_id=66\",\"url\":\"https:\/\/casapastrin.ch\/?page_id=66\",\"name\":\"Flims und Umgebung - Casa Pastrin\",\"isPartOf\":{\"@id\":\"https:\/\/casapastrin.ch\/#website\"},\"primaryImageOfPage\":{\"@id\":\"https:\/\/casapastrin.ch\/?page_id=66#primaryimage\"},\"image\":{\"@id\":\"https:\/\/casapastrin.ch\/?page_id=66#primaryimage\"},\"thumbnailUrl\":\"https:\/\/casapastrin.ch\/wp-content\/uploads\/2024\/04\/caumasee-e1713709284474.webp\",\"datePublished\":\"2024-04-20T08:28:02+00:00\",\"dateModified\":\"2024-05-21T18:40:05+00:00\",\"breadcrumb\":{\"@id\":\"https:\/\/casapastrin.ch\/?page_id=66#breadcrumb\"},\"inLanguage\":\"de\",\"potentialAction\":[{\"@type\":\"ReadAction\",\"target\":[\"https:\/\/casapastrin.ch\/?page_id=66\"]}]},{\"@type\":\"ImageObject\",\"inLanguage\":\"de\",\"@id\":\"https:\/\/casapastrin.ch\/?page_id=66#primaryimage\",\"url\":\"https:\/\/casapastrin.ch\/wp-content\/uploads\/2024\/04\/caumasee-e1713709284474.webp\",\"contentUrl\":\"https:\/\/casapastrin.ch\/wp-content\/uploads\/2024\/04\/caumasee-e1713709284474.webp\",\"width\":1600,\"height\":498},{\"@type\":\"BreadcrumbList\",\"@id\":\"https:\/\/casapastrin.ch\/?page_id=66#breadcrumb\",\"itemListElement\":[{\"@type\":\"ListItem\",\"position\":1,\"name\":\"Startseite\",\"item\":\"https:\/\/casapastrin.ch\/\"},{\"@type\":\"ListItem\",\"position\":2,\"name\":\"Flims und Umgebung\"}]},{\"@type\":\"WebSite\",\"@id\":\"https:\/\/casapastrin.ch\/#website\",\"url\":\"https:\/\/casapastrin.ch\/\",\"name\":\"Casa Pastrin\",\"description\":\"3\u00bd-Zimmer Ferienwohnung in Flims\",\"publisher\":{\"@id\":\"https:\/\/casapastrin.ch\/#organization\"},\"potentialAction\":[{\"@type\":\"SearchAction\",\"target\":{\"@type\":\"EntryPoint\",\"urlTemplate\":\"https:\/\/casapastrin.ch\/?s={search_term_string}\"},\"query-input\":{\"@type\":\"PropertyValueSpecification\",\"valueRequired\":true,\"valueName\":\"search_term_string\"}}],\"inLanguage\":\"de\"},{\"@type\":\"Organization\",\"@id\":\"https:\/\/casapastrin.ch\/#organization\",\"name\":\"Casa Pastrin\",\"url\":\"https:\/\/casapastrin.ch\/\",\"logo\":{\"@type\":\"ImageObject\",\"inLanguage\":\"de\",\"@id\":\"https:\/\/casapastrin.ch\/#\/schema\/logo\/image\/\",\"url\":\"https:\/\/casapastrin.ch\/wp-content\/uploads\/2024\/05\/CasaPastrinLogo-1.jpg\",\"contentUrl\":\"https:\/\/casapastrin.ch\/wp-content\/uploads\/2024\/05\/CasaPastrinLogo-1.jpg\",\"width\":484,\"height\":136,\"caption\":\"Casa Pastrin\"},\"image\":{\"@id\":\"https:\/\/casapastrin.ch\/#\/schema\/logo\/image\/\"}}]}<\/script>\n<!-- \/ Yoast SEO plugin. -->","yoast_head_json":{"title":"Flims und Umgebung - Casa Pastrin","robots":{"index":"index","follow":"follow","max-snippet":"max-snippet:-1","max-image-preview":"max-image-preview:large","max-video-preview":"max-video-preview:-1"},"canonical":"https:\/\/casapastrin.ch\/?page_id=66","og_locale":"de_DE","og_type":"article","og_title":"Flims und Umgebung - Casa Pastrin","og_description":"Die ber\u00fchmte Ferienregion Flims \/ Laax \/ Falera auf 1&#8217;050 &#8211; 3&#8217;018 hm ist bekannt als Sommerferienort und Wintersportort. Flims liegt auf einer Bergterrasse circa 20 km westlich von Chur. Viele Dienstleistungen sind in Fussdistanz oder mit \u00f6ffentlichem Verkehrsmittel erreichbar, so dass das Auto getrost in der Garage belassen werden kann. Die Postautohaltestelle, sowie der Ortsbus befinden sich in unmittelbarer N\u00e4he zur Liegenschaft. Diverse Gesch\u00e4fte, B\u00e4cker, Metzger und Restaurant sind in Fussdistanz erreichbar. Zudem hat es ein Hallenbad, Fitnesszentrum, Sauna, Solarium und Sie erhalten diverse Verg\u00fcnstigungen mit der G\u00e4stekarte. Flims\/Laax hat ein attraktives Kulturprogramm und bietet zudem kulinarische Abwechslung auf...","og_url":"https:\/\/casapastrin.ch\/?page_id=66","og_site_name":"Casa Pastrin","article_modified_time":"2024-05-21T18:40:05+00:00","og_image":[{"width":1600,"height":498,"url":"https:\/\/casapastrin.ch\/wp-content\/uploads\/2024\/04\/caumasee-e1713709284474.webp","type":"image\/webp"}],"twitter_card":"summary_large_image","twitter_misc":{"Gesch\u00e4tzte Lesezeit":"2\u00a0Minuten"},"schema":{"@context":"https:\/\/schema.org","@graph":[{"@type":"WebPage","@id":"https:\/\/casapastrin.ch\/?page_id=66","url":"https:\/\/casapastrin.ch\/?page_id=66","name":"Flims und Umgebung - Casa Pastrin","isPartOf":{"@id":"https:\/\/casapastrin.ch\/#website"},"primaryImageOfPage":{"@id":"https:\/\/casapastrin.ch\/?page_id=66#primaryimage"},"image":{"@id":"https:\/\/casapastrin.ch\/?page_id=66#primaryimage"},"thumbnailUrl":"https:\/\/casapastrin.ch\/wp-content\/uploads\/2024\/04\/caumasee-e1713709284474.webp","datePublished":"2024-04-20T08:28:02+00:00","dateModified":"2024-05-21T18:40:05+00:00","breadcrumb":{"@id":"https:\/\/casapastrin.ch\/?page_id=66#breadcrumb"},"inLanguage":"de","potentialAction":[{"@type":"ReadAction","target":["https:\/\/casapastrin.ch\/?page_id=66"]}]},{"@type":"ImageObject","inLanguage":"de","@id":"https:\/\/casapastrin.ch\/?page_id=66#primaryimage","url":"https:\/\/casapastrin.ch\/wp-content\/uploads\/2024\/04\/caumasee-e1713709284474.webp","contentUrl":"https:\/\/casapastrin.ch\/wp-content\/uploads\/2024\/04\/caumasee-e1713709284474.webp","width":1600,"height":498},{"@type":"BreadcrumbList","@id":"https:\/\/casapastrin.ch\/?page_id=66#breadcrumb","itemListElement":[{"@type":"ListItem","position":1,"name":"Startseite","item":"https:\/\/casapastrin.ch\/"},{"@type":"ListItem","position":2,"name":"Flims und Umgebung"}]},{"@type":"WebSite","@id":"https:\/\/casapastrin.ch\/#website","url":"https:\/\/casapastrin.ch\/","name":"Casa Pastrin","description":"3\u00bd-Zimmer Ferienwohnung in Flims","publisher":{"@id":"https:\/\/casapastrin.ch\/#organization"},"potentialAction":[{"@type":"SearchAction","target":{"@type":"EntryPoint","urlTemplate":"https:\/\/casapastrin.ch\/?s={search_term_string}"},"query-input":{"@type":"PropertyValueSpecification","valueRequired":true,"valueName":"search_term_string"}}],"inLanguage":"de"},{"@type":"Organization","@id":"https:\/\/casapastrin.ch\/#organization","name":"Casa Pastrin","url":"https:\/\/casapastrin.ch\/","logo":{"@type":"ImageObject","inLanguage":"de","@id":"https:\/\/casapastrin.ch\/#\/schema\/logo\/image\/","url":"https:\/\/casapastrin.ch\/wp-content\/uploads\/2024\/05\/CasaPastrinLogo-1.jpg","contentUrl":"https:\/\/casapastrin.ch\/wp-content\/uploads\/2024\/05\/CasaPastrinLogo-1.jpg","width":484,"height":136,"caption":"Casa Pastrin"},"image":{"@id":"https:\/\/casapastrin.ch\/#\/schema\/logo\/image\/"}}]}},"_links":{"self":[{"href":"https:\/\/casapastrin.ch\/index.php?rest_route=\/wp\/v2\/pages\/66","targetHints":{"allow":["GET"]}}],"collection":[{"href":"https:\/\/casapastrin.ch\/index.php?rest_route=\/wp\/v2\/pages"}],"about":[{"href":"https:\/\/casapastrin.ch\/index.php?rest_route=\/wp\/v2\/types\/page"}],"author":[{"embeddable":true,"href":"https:\/\/casapastrin.ch\/index.php?rest_route=\/wp\/v2\/users\/1"}],"replies":[{"embeddable":true,"href":"https:\/\/casapastrin.ch\/index.php?rest_route=%2Fwp%2Fv2%2Fcomments&post=66"}],"version-history":[{"count":9,"href":"https:\/\/casapastrin.ch\/index.php?rest_route=\/wp\/v2\/pages\/66\/revisions"}],"predecessor-version":[{"id":215,"href":"https:\/\/casapastrin.ch\/index.php?rest_route=\/wp\/v2\/pages\/66\/revisions\/215"}],"wp:featuredmedia":[{"embeddable":true,"href":"https:\/\/casapastrin.ch\/index.php?rest_route=\/wp\/v2\/media\/168"}],"wp:attachment":[{"href":"https:\/\/casapastrin.ch\/index.php?rest_route=%2Fwp%2Fv2%2Fmedia&parent=66"}],"curies":[{"name":"wp","href":"https:\/\/api.w.org\/{rel}","templated":true}]}}