{"id":7,"date":"2024-02-18T11:22:00","date_gmt":"2024-02-18T11:22:00","guid":{"rendered":"https:\/\/casapastrin.ch\/cp\/?page_id=7"},"modified":"2024-04-28T19:08:26","modified_gmt":"2024-04-28T19:08:26","slug":"about-us","status":"publish","type":"page","link":"https:\/\/casapastrin.ch\/?page_id=7","title":{"rendered":"\u00dcber uns"},"content":{"rendered":"\n<p>Wir sind eine Familie (Reto, Birgit und Pascal), die gerne in den Bergen ist. Da wir auch sonst gerne reisen und unsere Ferienwohnung so unn\u00f6tig leer stehen w\u00fcrde, m\u00f6chten wir etwas gegen &#8222;kalte Betten&#8220; tun und haben uns entschieden unser Bijou auch Ihnen zur Verf\u00fcgung zu stellen.<\/p>\n\n\n\n<p>Da wir die Ferienwohnung auch selber nutzen hat sie einen pers\u00f6nlichen Charakter. Wir bitten Sie daher die Wohnung mit der n\u00f6tigen Achtsamkeit und Sorgfalt zu behandeln.<\/p>\n\n\n\n<p>Wir leben in der N\u00e4he von Luzern und arbeiten zwischen Z\u00fcrich und Luzern. Unser Sohn Pascal ist begeisterter Skifahrer und im Winter sehr oft in Flims anzutreffen.<\/p>\n\n\n\n<p>Wir w\u00fcnschen Ihnen einen tollen Aufenthalt! <\/p>\n\n\n\n<p>Herzliche Gr\u00fcsse Reto, Birgit und Pascal<\/p>\n","protected":false},"excerpt":{"rendered":"<p>Wir sind eine Familie (Reto, Birgit und Pascal), die gerne in den Bergen ist. Da wir auch sonst gerne reisen und unsere Ferienwohnung so unn\u00f6tig leer stehen w\u00fcrde, m\u00f6chten wir etwas gegen &#8222;kalte Betten&#8220; tun und haben uns entschieden unser Bijou auch Ihnen zur Verf\u00fcgung zu stellen. Da wir die Ferienwohnung auch selber nutzen hat sie einen pers\u00f6nlichen Charakter. Wir bitten Sie daher die Wohnung mit der n\u00f6tigen Achtsamkeit und Sorgfalt zu behandeln. Wir leben in der N\u00e4he von Luzern und arbeiten zwischen Z\u00fcrich und Luzern. Unser Sohn Pascal ist begeisterter Skifahrer und im Winter sehr oft in Flims anzutreffen&#8230;. <\/p>\n","protected":false},"author":1,"featured_media":205,"parent":0,"menu_order":0,"comment_status":"closed","ping_status":"closed","template":"template-full-width.php","meta":{"footnotes":""},"class_list":["post-7","page","type-page","status-publish","has-post-thumbnail","hentry"],"yoast_head":"<!-- This site is optimized with the Yoast SEO plugin v26.9 - https:\/\/yoast.com\/product\/yoast-seo-wordpress\/ -->\n<title>\u00dcber uns - Casa Pastrin<\/title>\n<meta name=\"robots\" content=\"index, follow, max-snippet:-1, max-image-preview:large, max-video-preview:-1\" \/>\n<link rel=\"canonical\" href=\"https:\/\/casapastrin.ch\/?page_id=7\" \/>\n<meta property=\"og:locale\" content=\"de_DE\" \/>\n<meta property=\"og:type\" content=\"article\" \/>\n<meta property=\"og:title\" content=\"\u00dcber uns - Casa Pastrin\" \/>\n<meta property=\"og:description\" content=\"Wir sind eine Familie (Reto, Birgit und Pascal), die gerne in den Bergen ist. Da wir auch sonst gerne reisen und unsere Ferienwohnung so unn\u00f6tig leer stehen w\u00fcrde, m\u00f6chten wir etwas gegen &#8222;kalte Betten&#8220; tun und haben uns entschieden unser Bijou auch Ihnen zur Verf\u00fcgung zu stellen. Da wir die Ferienwohnung auch selber nutzen hat sie einen pers\u00f6nlichen Charakter. Wir bitten Sie daher die Wohnung mit der n\u00f6tigen Achtsamkeit und Sorgfalt zu behandeln. Wir leben in der N\u00e4he von Luzern und arbeiten zwischen Z\u00fcrich und Luzern. Unser Sohn Pascal ist begeisterter Skifahrer und im Winter sehr oft in Flims anzutreffen....\" \/>\n<meta property=\"og:url\" content=\"https:\/\/casapastrin.ch\/?page_id=7\" \/>\n<meta property=\"og:site_name\" content=\"Casa Pastrin\" \/>\n<meta property=\"article:modified_time\" content=\"2024-04-28T19:08:26+00:00\" \/>\n<meta property=\"og:image\" content=\"https:\/\/casapastrin.ch\/wp-content\/uploads\/2024\/04\/Family.jpg\" \/>\n\t<meta property=\"og:image:width\" content=\"1560\" \/>\n\t<meta property=\"og:image:height\" content=\"460\" \/>\n\t<meta property=\"og:image:type\" content=\"image\/jpeg\" \/>\n<meta name=\"twitter:card\" content=\"summary_large_image\" \/>\n<meta name=\"twitter:label1\" content=\"Gesch\u00e4tzte Lesezeit\" \/>\n\t<meta name=\"twitter:data1\" content=\"1\u00a0Minute\" \/>\n<script type=\"application\/ld+json\" class=\"yoast-schema-graph\">{\"@context\":\"https:\/\/schema.org\",\"@graph\":[{\"@type\":\"WebPage\",\"@id\":\"https:\/\/casapastrin.ch\/?page_id=7\",\"url\":\"https:\/\/casapastrin.ch\/?page_id=7\",\"name\":\"\u00dcber uns - Casa Pastrin\",\"isPartOf\":{\"@id\":\"https:\/\/casapastrin.ch\/#website\"},\"primaryImageOfPage\":{\"@id\":\"https:\/\/casapastrin.ch\/?page_id=7#primaryimage\"},\"image\":{\"@id\":\"https:\/\/casapastrin.ch\/?page_id=7#primaryimage\"},\"thumbnailUrl\":\"https:\/\/casapastrin.ch\/wp-content\/uploads\/2024\/04\/Family.jpg\",\"datePublished\":\"2024-02-18T11:22:00+00:00\",\"dateModified\":\"2024-04-28T19:08:26+00:00\",\"breadcrumb\":{\"@id\":\"https:\/\/casapastrin.ch\/?page_id=7#breadcrumb\"},\"inLanguage\":\"de\",\"potentialAction\":[{\"@type\":\"ReadAction\",\"target\":[\"https:\/\/casapastrin.ch\/?page_id=7\"]}]},{\"@type\":\"ImageObject\",\"inLanguage\":\"de\",\"@id\":\"https:\/\/casapastrin.ch\/?page_id=7#primaryimage\",\"url\":\"https:\/\/casapastrin.ch\/wp-content\/uploads\/2024\/04\/Family.jpg\",\"contentUrl\":\"https:\/\/casapastrin.ch\/wp-content\/uploads\/2024\/04\/Family.jpg\",\"width\":1560,\"height\":460},{\"@type\":\"BreadcrumbList\",\"@id\":\"https:\/\/casapastrin.ch\/?page_id=7#breadcrumb\",\"itemListElement\":[{\"@type\":\"ListItem\",\"position\":1,\"name\":\"Startseite\",\"item\":\"https:\/\/casapastrin.ch\/\"},{\"@type\":\"ListItem\",\"position\":2,\"name\":\"\u00dcber uns\"}]},{\"@type\":\"WebSite\",\"@id\":\"https:\/\/casapastrin.ch\/#website\",\"url\":\"https:\/\/casapastrin.ch\/\",\"name\":\"Casa Pastrin\",\"description\":\"3\u00bd-Zimmer Ferienwohnung in Flims\",\"publisher\":{\"@id\":\"https:\/\/casapastrin.ch\/#organization\"},\"potentialAction\":[{\"@type\":\"SearchAction\",\"target\":{\"@type\":\"EntryPoint\",\"urlTemplate\":\"https:\/\/casapastrin.ch\/?s={search_term_string}\"},\"query-input\":{\"@type\":\"PropertyValueSpecification\",\"valueRequired\":true,\"valueName\":\"search_term_string\"}}],\"inLanguage\":\"de\"},{\"@type\":\"Organization\",\"@id\":\"https:\/\/casapastrin.ch\/#organization\",\"name\":\"Casa Pastrin\",\"url\":\"https:\/\/casapastrin.ch\/\",\"logo\":{\"@type\":\"ImageObject\",\"inLanguage\":\"de\",\"@id\":\"https:\/\/casapastrin.ch\/#\/schema\/logo\/image\/\",\"url\":\"https:\/\/casapastrin.ch\/wp-content\/uploads\/2024\/05\/CasaPastrinLogo-1.jpg\",\"contentUrl\":\"https:\/\/casapastrin.ch\/wp-content\/uploads\/2024\/05\/CasaPastrinLogo-1.jpg\",\"width\":484,\"height\":136,\"caption\":\"Casa Pastrin\"},\"image\":{\"@id\":\"https:\/\/casapastrin.ch\/#\/schema\/logo\/image\/\"}}]}<\/script>\n<!-- \/ Yoast SEO plugin. -->","yoast_head_json":{"title":"\u00dcber uns - Casa Pastrin","robots":{"index":"index","follow":"follow","max-snippet":"max-snippet:-1","max-image-preview":"max-image-preview:large","max-video-preview":"max-video-preview:-1"},"canonical":"https:\/\/casapastrin.ch\/?page_id=7","og_locale":"de_DE","og_type":"article","og_title":"\u00dcber uns - Casa Pastrin","og_description":"Wir sind eine Familie (Reto, Birgit und Pascal), die gerne in den Bergen ist. Da wir auch sonst gerne reisen und unsere Ferienwohnung so unn\u00f6tig leer stehen w\u00fcrde, m\u00f6chten wir etwas gegen &#8222;kalte Betten&#8220; tun und haben uns entschieden unser Bijou auch Ihnen zur Verf\u00fcgung zu stellen. Da wir die Ferienwohnung auch selber nutzen hat sie einen pers\u00f6nlichen Charakter. Wir bitten Sie daher die Wohnung mit der n\u00f6tigen Achtsamkeit und Sorgfalt zu behandeln. Wir leben in der N\u00e4he von Luzern und arbeiten zwischen Z\u00fcrich und Luzern. Unser Sohn Pascal ist begeisterter Skifahrer und im Winter sehr oft in Flims anzutreffen....","og_url":"https:\/\/casapastrin.ch\/?page_id=7","og_site_name":"Casa Pastrin","article_modified_time":"2024-04-28T19:08:26+00:00","og_image":[{"width":1560,"height":460,"url":"https:\/\/casapastrin.ch\/wp-content\/uploads\/2024\/04\/Family.jpg","type":"image\/jpeg"}],"twitter_card":"summary_large_image","twitter_misc":{"Gesch\u00e4tzte Lesezeit":"1\u00a0Minute"},"schema":{"@context":"https:\/\/schema.org","@graph":[{"@type":"WebPage","@id":"https:\/\/casapastrin.ch\/?page_id=7","url":"https:\/\/casapastrin.ch\/?page_id=7","name":"\u00dcber uns - Casa Pastrin","isPartOf":{"@id":"https:\/\/casapastrin.ch\/#website"},"primaryImageOfPage":{"@id":"https:\/\/casapastrin.ch\/?page_id=7#primaryimage"},"image":{"@id":"https:\/\/casapastrin.ch\/?page_id=7#primaryimage"},"thumbnailUrl":"https:\/\/casapastrin.ch\/wp-content\/uploads\/2024\/04\/Family.jpg","datePublished":"2024-02-18T11:22:00+00:00","dateModified":"2024-04-28T19:08:26+00:00","breadcrumb":{"@id":"https:\/\/casapastrin.ch\/?page_id=7#breadcrumb"},"inLanguage":"de","potentialAction":[{"@type":"ReadAction","target":["https:\/\/casapastrin.ch\/?page_id=7"]}]},{"@type":"ImageObject","inLanguage":"de","@id":"https:\/\/casapastrin.ch\/?page_id=7#primaryimage","url":"https:\/\/casapastrin.ch\/wp-content\/uploads\/2024\/04\/Family.jpg","contentUrl":"https:\/\/casapastrin.ch\/wp-content\/uploads\/2024\/04\/Family.jpg","width":1560,"height":460},{"@type":"BreadcrumbList","@id":"https:\/\/casapastrin.ch\/?page_id=7#breadcrumb","itemListElement":[{"@type":"ListItem","position":1,"name":"Startseite","item":"https:\/\/casapastrin.ch\/"},{"@type":"ListItem","position":2,"name":"\u00dcber uns"}]},{"@type":"WebSite","@id":"https:\/\/casapastrin.ch\/#website","url":"https:\/\/casapastrin.ch\/","name":"Casa Pastrin","description":"3\u00bd-Zimmer Ferienwohnung in Flims","publisher":{"@id":"https:\/\/casapastrin.ch\/#organization"},"potentialAction":[{"@type":"SearchAction","target":{"@type":"EntryPoint","urlTemplate":"https:\/\/casapastrin.ch\/?s={search_term_string}"},"query-input":{"@type":"PropertyValueSpecification","valueRequired":true,"valueName":"search_term_string"}}],"inLanguage":"de"},{"@type":"Organization","@id":"https:\/\/casapastrin.ch\/#organization","name":"Casa Pastrin","url":"https:\/\/casapastrin.ch\/","logo":{"@type":"ImageObject","inLanguage":"de","@id":"https:\/\/casapastrin.ch\/#\/schema\/logo\/image\/","url":"https:\/\/casapastrin.ch\/wp-content\/uploads\/2024\/05\/CasaPastrinLogo-1.jpg","contentUrl":"https:\/\/casapastrin.ch\/wp-content\/uploads\/2024\/05\/CasaPastrinLogo-1.jpg","width":484,"height":136,"caption":"Casa Pastrin"},"image":{"@id":"https:\/\/casapastrin.ch\/#\/schema\/logo\/image\/"}}]}},"_links":{"self":[{"href":"https:\/\/casapastrin.ch\/index.php?rest_route=\/wp\/v2\/pages\/7","targetHints":{"allow":["GET"]}}],"collection":[{"href":"https:\/\/casapastrin.ch\/index.php?rest_route=\/wp\/v2\/pages"}],"about":[{"href":"https:\/\/casapastrin.ch\/index.php?rest_route=\/wp\/v2\/types\/page"}],"author":[{"embeddable":true,"href":"https:\/\/casapastrin.ch\/index.php?rest_route=\/wp\/v2\/users\/1"}],"replies":[{"embeddable":true,"href":"https:\/\/casapastrin.ch\/index.php?rest_route=%2Fwp%2Fv2%2Fcomments&post=7"}],"version-history":[{"count":6,"href":"https:\/\/casapastrin.ch\/index.php?rest_route=\/wp\/v2\/pages\/7\/revisions"}],"predecessor-version":[{"id":211,"href":"https:\/\/casapastrin.ch\/index.php?rest_route=\/wp\/v2\/pages\/7\/revisions\/211"}],"wp:featuredmedia":[{"embeddable":true,"href":"https:\/\/casapastrin.ch\/index.php?rest_route=\/wp\/v2\/media\/205"}],"wp:attachment":[{"href":"https:\/\/casapastrin.ch\/index.php?rest_route=%2Fwp%2Fv2%2Fmedia&parent=7"}],"curies":[{"name":"wp","href":"https:\/\/api.w.org\/{rel}","templated":true}]}}