{"id":71,"date":"2024-04-20T08:31:47","date_gmt":"2024-04-20T08:31:47","guid":{"rendered":"https:\/\/casapastrin.ch\/cp\/?page_id=71"},"modified":"2024-04-21T14:30:22","modified_gmt":"2024-04-21T14:30:22","slug":"herzlich-willkommen","status":"publish","type":"page","link":"https:\/\/casapastrin.ch\/?page_id=71","title":{"rendered":"Herzlich Willkommen"},"content":{"rendered":"\n<p>Es erwartet Sie eine gem\u00fctliche und moderne Ferienwohnung f\u00fcr 2-4 Personen an einer zentralen und ruhigen Lage. Der Balkon mit sch\u00f6ner Aussicht auf die Berge bietet den perfekten Ort zum Entspannen. In unmittelbarer N\u00e4he befinden sich Skigebiete, Wanderwege, Restaurants und Einkaufsm\u00f6glichkeiten. Ideal f\u00fcr einen erholsamen Urlaub im idyllischen Berggebiet.<\/p>\n\n\n\n<!--more-->\n\n\n\n<p><\/p>\n\n\n\n<p>Im Haus haben Sie Einstellraum f\u00fcr Fahrr\u00e4der, einen Skiraum und W\u00e4schetrockner (zur Mitbenutzung). <\/p>\n\n\n\n<p>Die Zufahrt bis zum Haus erfolgt \u00fcber eine Bergstrasse und im Winter ist 4&#215;4 empfohlen. Der Parkplatz ist in der Tiefgarage im Haus. <\/p>\n\n\n\n<p>Vieles ist in Fussdistanz zu erreichen: Einkaufsgesch\u00e4ft 200 m, Lebensmittelgesch\u00e4ft und Restaurant 100 m, Bushaltestelle &#8222;Flims Dorf Post&#8220; 200 m, Badesee &#8222;Caumasee&#8220; 2 km, Golfplatz (18 Loch) 10 km, Skilift, Sessellift, Gondelbahn, Skisportanlagen 500 m, Skibushaltestelle 200 m, Skischule, Schlittelbahn, Langlaufloipe 500 m, Kinderspielplatz 1000 m. <\/p>\n\n\n\n<p>Die Talstation Weisse Arena Flims\/Laax ist gut zu Fuss erreichbar. <\/p>\n\n\n\n<p>Nahe gelegene Sehensw\u00fcrdigkeiten: Rheinschlucht 5 km mit Aussichtsplattform. Der Caumasee und Crestasee sind ideal f\u00fcr Wanderziele (Halbtagestour) und laden zum Schwimmen ein. <\/p>\n\n\n\n<p>Die Anreise mit dem \u00f6ffentlichen Verkehr ist sehr gut m\u00f6glich, da die Wohnung in unmittelbarer N\u00e4he zur Haltestelle &#8222;Flims Dorf Post&#8220; liegt.<\/p>\n\n\n\n<p>Die genaue Adresse zu Ihrem Feriendomizil erhalten Sie rechtzeitig vor Ihrer Reise. <\/p>\n\n\n\n<p><\/p>\n","protected":false},"excerpt":{"rendered":"<p>Es erwartet Sie eine gem\u00fctliche und moderne Ferienwohnung f\u00fcr 2-4 Personen an einer zentralen und ruhigen Lage. Der Balkon mit sch\u00f6ner Aussicht auf die Berge bietet den perfekten Ort zum Entspannen. In unmittelbarer N\u00e4he befinden sich Skigebiete, Wanderwege, Restaurants und Einkaufsm\u00f6glichkeiten. Ideal f\u00fcr einen erholsamen Urlaub im idyllischen Berggebiet.<\/p>\n","protected":false},"author":1,"featured_media":178,"parent":0,"menu_order":0,"comment_status":"closed","ping_status":"closed","template":"template-full-width.php","meta":{"footnotes":""},"class_list":["post-71","page","type-page","status-publish","has-post-thumbnail","hentry"],"yoast_head":"<!-- This site is optimized with the Yoast SEO plugin v26.9 - https:\/\/yoast.com\/product\/yoast-seo-wordpress\/ -->\n<title>Herzlich Willkommen - Casa Pastrin<\/title>\n<meta name=\"robots\" content=\"index, follow, max-snippet:-1, max-image-preview:large, max-video-preview:-1\" \/>\n<link rel=\"canonical\" href=\"https:\/\/casapastrin.ch\/?page_id=71\" \/>\n<meta property=\"og:locale\" content=\"de_DE\" \/>\n<meta property=\"og:type\" content=\"article\" \/>\n<meta property=\"og:title\" content=\"Herzlich Willkommen - Casa Pastrin\" \/>\n<meta property=\"og:description\" content=\"Es erwartet Sie eine gem\u00fctliche und moderne Ferienwohnung f\u00fcr 2-4 Personen an einer zentralen und ruhigen Lage. Der Balkon mit sch\u00f6ner Aussicht auf die Berge bietet den perfekten Ort zum Entspannen. In unmittelbarer N\u00e4he befinden sich Skigebiete, Wanderwege, Restaurants und Einkaufsm\u00f6glichkeiten. Ideal f\u00fcr einen erholsamen Urlaub im idyllischen Berggebiet.\" \/>\n<meta property=\"og:url\" content=\"https:\/\/casapastrin.ch\/?page_id=71\" \/>\n<meta property=\"og:site_name\" content=\"Casa Pastrin\" \/>\n<meta property=\"article:modified_time\" content=\"2024-04-21T14:30:22+00:00\" \/>\n<meta property=\"og:image\" content=\"https:\/\/casapastrin.ch\/wp-content\/uploads\/2024\/04\/aussen3-e1713709655895.webp\" \/>\n\t<meta property=\"og:image:width\" content=\"1600\" \/>\n\t<meta property=\"og:image:height\" content=\"501\" \/>\n\t<meta property=\"og:image:type\" content=\"image\/webp\" \/>\n<meta name=\"twitter:card\" content=\"summary_large_image\" \/>\n<meta name=\"twitter:label1\" content=\"Gesch\u00e4tzte Lesezeit\" \/>\n\t<meta name=\"twitter:data1\" content=\"1\u00a0Minute\" \/>\n<script type=\"application\/ld+json\" class=\"yoast-schema-graph\">{\"@context\":\"https:\/\/schema.org\",\"@graph\":[{\"@type\":\"WebPage\",\"@id\":\"https:\/\/casapastrin.ch\/?page_id=71\",\"url\":\"https:\/\/casapastrin.ch\/?page_id=71\",\"name\":\"Herzlich Willkommen - Casa Pastrin\",\"isPartOf\":{\"@id\":\"https:\/\/casapastrin.ch\/#website\"},\"primaryImageOfPage\":{\"@id\":\"https:\/\/casapastrin.ch\/?page_id=71#primaryimage\"},\"image\":{\"@id\":\"https:\/\/casapastrin.ch\/?page_id=71#primaryimage\"},\"thumbnailUrl\":\"https:\/\/casapastrin.ch\/wp-content\/uploads\/2024\/04\/aussen3-e1713709655895.webp\",\"datePublished\":\"2024-04-20T08:31:47+00:00\",\"dateModified\":\"2024-04-21T14:30:22+00:00\",\"breadcrumb\":{\"@id\":\"https:\/\/casapastrin.ch\/?page_id=71#breadcrumb\"},\"inLanguage\":\"de\",\"potentialAction\":[{\"@type\":\"ReadAction\",\"target\":[\"https:\/\/casapastrin.ch\/?page_id=71\"]}]},{\"@type\":\"ImageObject\",\"inLanguage\":\"de\",\"@id\":\"https:\/\/casapastrin.ch\/?page_id=71#primaryimage\",\"url\":\"https:\/\/casapastrin.ch\/wp-content\/uploads\/2024\/04\/aussen3-e1713709655895.webp\",\"contentUrl\":\"https:\/\/casapastrin.ch\/wp-content\/uploads\/2024\/04\/aussen3-e1713709655895.webp\",\"width\":1600,\"height\":501},{\"@type\":\"BreadcrumbList\",\"@id\":\"https:\/\/casapastrin.ch\/?page_id=71#breadcrumb\",\"itemListElement\":[{\"@type\":\"ListItem\",\"position\":1,\"name\":\"Startseite\",\"item\":\"https:\/\/casapastrin.ch\/\"},{\"@type\":\"ListItem\",\"position\":2,\"name\":\"Herzlich Willkommen\"}]},{\"@type\":\"WebSite\",\"@id\":\"https:\/\/casapastrin.ch\/#website\",\"url\":\"https:\/\/casapastrin.ch\/\",\"name\":\"Casa Pastrin\",\"description\":\"3\u00bd-Zimmer Ferienwohnung in Flims\",\"publisher\":{\"@id\":\"https:\/\/casapastrin.ch\/#organization\"},\"potentialAction\":[{\"@type\":\"SearchAction\",\"target\":{\"@type\":\"EntryPoint\",\"urlTemplate\":\"https:\/\/casapastrin.ch\/?s={search_term_string}\"},\"query-input\":{\"@type\":\"PropertyValueSpecification\",\"valueRequired\":true,\"valueName\":\"search_term_string\"}}],\"inLanguage\":\"de\"},{\"@type\":\"Organization\",\"@id\":\"https:\/\/casapastrin.ch\/#organization\",\"name\":\"Casa Pastrin\",\"url\":\"https:\/\/casapastrin.ch\/\",\"logo\":{\"@type\":\"ImageObject\",\"inLanguage\":\"de\",\"@id\":\"https:\/\/casapastrin.ch\/#\/schema\/logo\/image\/\",\"url\":\"https:\/\/casapastrin.ch\/wp-content\/uploads\/2024\/05\/CasaPastrinLogo-1.jpg\",\"contentUrl\":\"https:\/\/casapastrin.ch\/wp-content\/uploads\/2024\/05\/CasaPastrinLogo-1.jpg\",\"width\":484,\"height\":136,\"caption\":\"Casa Pastrin\"},\"image\":{\"@id\":\"https:\/\/casapastrin.ch\/#\/schema\/logo\/image\/\"}}]}<\/script>\n<!-- \/ Yoast SEO plugin. -->","yoast_head_json":{"title":"Herzlich Willkommen - Casa Pastrin","robots":{"index":"index","follow":"follow","max-snippet":"max-snippet:-1","max-image-preview":"max-image-preview:large","max-video-preview":"max-video-preview:-1"},"canonical":"https:\/\/casapastrin.ch\/?page_id=71","og_locale":"de_DE","og_type":"article","og_title":"Herzlich Willkommen - Casa Pastrin","og_description":"Es erwartet Sie eine gem\u00fctliche und moderne Ferienwohnung f\u00fcr 2-4 Personen an einer zentralen und ruhigen Lage. Der Balkon mit sch\u00f6ner Aussicht auf die Berge bietet den perfekten Ort zum Entspannen. In unmittelbarer N\u00e4he befinden sich Skigebiete, Wanderwege, Restaurants und Einkaufsm\u00f6glichkeiten. Ideal f\u00fcr einen erholsamen Urlaub im idyllischen Berggebiet.","og_url":"https:\/\/casapastrin.ch\/?page_id=71","og_site_name":"Casa Pastrin","article_modified_time":"2024-04-21T14:30:22+00:00","og_image":[{"width":1600,"height":501,"url":"https:\/\/casapastrin.ch\/wp-content\/uploads\/2024\/04\/aussen3-e1713709655895.webp","type":"image\/webp"}],"twitter_card":"summary_large_image","twitter_misc":{"Gesch\u00e4tzte Lesezeit":"1\u00a0Minute"},"schema":{"@context":"https:\/\/schema.org","@graph":[{"@type":"WebPage","@id":"https:\/\/casapastrin.ch\/?page_id=71","url":"https:\/\/casapastrin.ch\/?page_id=71","name":"Herzlich Willkommen - Casa Pastrin","isPartOf":{"@id":"https:\/\/casapastrin.ch\/#website"},"primaryImageOfPage":{"@id":"https:\/\/casapastrin.ch\/?page_id=71#primaryimage"},"image":{"@id":"https:\/\/casapastrin.ch\/?page_id=71#primaryimage"},"thumbnailUrl":"https:\/\/casapastrin.ch\/wp-content\/uploads\/2024\/04\/aussen3-e1713709655895.webp","datePublished":"2024-04-20T08:31:47+00:00","dateModified":"2024-04-21T14:30:22+00:00","breadcrumb":{"@id":"https:\/\/casapastrin.ch\/?page_id=71#breadcrumb"},"inLanguage":"de","potentialAction":[{"@type":"ReadAction","target":["https:\/\/casapastrin.ch\/?page_id=71"]}]},{"@type":"ImageObject","inLanguage":"de","@id":"https:\/\/casapastrin.ch\/?page_id=71#primaryimage","url":"https:\/\/casapastrin.ch\/wp-content\/uploads\/2024\/04\/aussen3-e1713709655895.webp","contentUrl":"https:\/\/casapastrin.ch\/wp-content\/uploads\/2024\/04\/aussen3-e1713709655895.webp","width":1600,"height":501},{"@type":"BreadcrumbList","@id":"https:\/\/casapastrin.ch\/?page_id=71#breadcrumb","itemListElement":[{"@type":"ListItem","position":1,"name":"Startseite","item":"https:\/\/casapastrin.ch\/"},{"@type":"ListItem","position":2,"name":"Herzlich Willkommen"}]},{"@type":"WebSite","@id":"https:\/\/casapastrin.ch\/#website","url":"https:\/\/casapastrin.ch\/","name":"Casa Pastrin","description":"3\u00bd-Zimmer Ferienwohnung in Flims","publisher":{"@id":"https:\/\/casapastrin.ch\/#organization"},"potentialAction":[{"@type":"SearchAction","target":{"@type":"EntryPoint","urlTemplate":"https:\/\/casapastrin.ch\/?s={search_term_string}"},"query-input":{"@type":"PropertyValueSpecification","valueRequired":true,"valueName":"search_term_string"}}],"inLanguage":"de"},{"@type":"Organization","@id":"https:\/\/casapastrin.ch\/#organization","name":"Casa Pastrin","url":"https:\/\/casapastrin.ch\/","logo":{"@type":"ImageObject","inLanguage":"de","@id":"https:\/\/casapastrin.ch\/#\/schema\/logo\/image\/","url":"https:\/\/casapastrin.ch\/wp-content\/uploads\/2024\/05\/CasaPastrinLogo-1.jpg","contentUrl":"https:\/\/casapastrin.ch\/wp-content\/uploads\/2024\/05\/CasaPastrinLogo-1.jpg","width":484,"height":136,"caption":"Casa Pastrin"},"image":{"@id":"https:\/\/casapastrin.ch\/#\/schema\/logo\/image\/"}}]}},"_links":{"self":[{"href":"https:\/\/casapastrin.ch\/index.php?rest_route=\/wp\/v2\/pages\/71","targetHints":{"allow":["GET"]}}],"collection":[{"href":"https:\/\/casapastrin.ch\/index.php?rest_route=\/wp\/v2\/pages"}],"about":[{"href":"https:\/\/casapastrin.ch\/index.php?rest_route=\/wp\/v2\/types\/page"}],"author":[{"embeddable":true,"href":"https:\/\/casapastrin.ch\/index.php?rest_route=\/wp\/v2\/users\/1"}],"replies":[{"embeddable":true,"href":"https:\/\/casapastrin.ch\/index.php?rest_route=%2Fwp%2Fv2%2Fcomments&post=71"}],"version-history":[{"count":11,"href":"https:\/\/casapastrin.ch\/index.php?rest_route=\/wp\/v2\/pages\/71\/revisions"}],"predecessor-version":[{"id":138,"href":"https:\/\/casapastrin.ch\/index.php?rest_route=\/wp\/v2\/pages\/71\/revisions\/138"}],"wp:featuredmedia":[{"embeddable":true,"href":"https:\/\/casapastrin.ch\/index.php?rest_route=\/wp\/v2\/media\/178"}],"wp:attachment":[{"href":"https:\/\/casapastrin.ch\/index.php?rest_route=%2Fwp%2Fv2%2Fmedia&parent=71"}],"curies":[{"name":"wp","href":"https:\/\/api.w.org\/{rel}","templated":true}]}}